{"id":145,"date":"2024-10-09T14:05:10","date_gmt":"2024-10-09T11:05:10","guid":{"rendered":"https:\/\/evgeniyvasiliev.wordpress.com\/?page_id=145"},"modified":"2024-10-09T14:05:10","modified_gmt":"2024-10-09T11:05:10","slug":"projekt","status":"publish","type":"page","link":"https:\/\/evgeniyvasiliev24.thkit.ee\/wp\/projekt\/","title":{"rendered":"Projekt"},"content":{"rendered":"\n<p><strong><em>1. Gantt&#8217;i diagramm &#8211; m\u00f5iste l\u00f5ikepilt MS projektist<\/em><\/strong><\/p>\n\n\n\n<figure class=\"wp-block-image size-large\"><img decoding=\"async\" src=\"https:\/\/evgeniyvasiliev.wordpress.com\/wp-content\/uploads\/2024\/10\/image-1.png?w=406\" alt=\"\" class=\"wp-image-150\" \/><\/figure>\n\n\n\n<p><br><strong><em>2. \u00dclesanded ja alam\u00fclesanded l\u00f5ikepilt MS projektist<\/em><\/strong><\/p>\n\n\n\n<figure class=\"wp-block-image size-large\"><img decoding=\"async\" src=\"https:\/\/evgeniyvasiliev.wordpress.com\/wp-content\/uploads\/2024\/10\/image-2.png?w=340\" alt=\"\" class=\"wp-image-152\" \/><\/figure>\n\n\n\n<p><br><strong><em>3.Kuidas lisada ressurssid (millised ressurssid work, &#8230;, &#8230;)<\/em><\/strong><\/p>\n\n\n\n<h3 class=\"wp-block-heading\">1. Ava ressursileht:<\/h3>\n\n\n\n<ul class=\"wp-block-list\">\n<li>Mine vahekaardile <strong>Ressurss<\/strong> &gt; <strong>Ressursi leht<\/strong>.<\/li>\n<\/ul>\n\n\n\n<figure class=\"wp-block-image size-large is-resized\"><img decoding=\"async\" src=\"https:\/\/evgeniyvasiliev.wordpress.com\/wp-content\/uploads\/2024\/10\/image-7.png?w=576\" alt=\"\" class=\"wp-image-170\" style=\"width:367px;height:auto\" \/><\/figure>\n\n\n\n<figure class=\"wp-block-image size-large\"><img decoding=\"async\" src=\"https:\/\/evgeniyvasiliev.wordpress.com\/wp-content\/uploads\/2024\/10\/image-8.png?w=290\" alt=\"\" class=\"wp-image-171\" \/><\/figure>\n\n\n\n<h3 class=\"wp-block-heading\">2. Lisa ressurss:<\/h3>\n\n\n\n<ul class=\"wp-block-list\">\n<li>Lisa ressursile j\u00e4rgmised andmed:\n<ul class=\"wp-block-list\">\n<li><strong>Nimi<\/strong>: Sisesta ressursi nimi (n\u00e4iteks &#8220;T\u00f6\u00f6taja 1&#8221;).<\/li>\n\n\n\n<li><strong>T\u00fc\u00fcp<\/strong>: Vali ressursi t\u00fc\u00fcp:\n<ol class=\"wp-block-list\">\n<li><strong>Work<\/strong> (T\u00f6\u00f6) \u2014 inimressurss (t\u00f6\u00f6taja).<\/li>\n\n\n\n<li><strong>Material<\/strong> (Materjal) \u2014 materjalid.<\/li>\n\n\n\n<li><strong>Cost<\/strong> (Kulu) \u2014 kulud.<\/li>\n<\/ol>\n<\/li>\n<\/ul>\n<\/li>\n<\/ul>\n\n\n\n<figure class=\"wp-block-image size-large\"><img decoding=\"async\" src=\"https:\/\/evgeniyvasiliev.wordpress.com\/wp-content\/uploads\/2024\/10\/image-9.png?w=1024\" alt=\"\" class=\"wp-image-173\" \/><\/figure>\n\n\n\n<h3 class=\"wp-block-heading\">3. M\u00e4\u00e4ra ressurss \u00fclesandele:<\/h3>\n\n\n\n<ul class=\"wp-block-list\">\n<li>Gantti diagrammi vaates, veerus <strong>Ressursside nimed<\/strong>, vali ressursid iga \u00fclesande jaoks.<\/li>\n<\/ul>\n\n\n\n<p>Valmis!<\/p>\n\n\n\n<p>Seoses selega, et mina t\u00f6\u00f6tasin project libre mitte MS project olli v\u00e4ga raske aru saada.<\/p>\n\n\n\n<p>Mina arvan, et MS projekt on lihtsam.<\/p>\n\n\n\n<p><br><strong><em>4. Kuidas lisada peojekti \u00fclesanete maksmus ja projekti tehtud tegevused?<\/em><\/strong><br><\/p>\n\n\n\n<h3 class=\"wp-block-heading\">1. <strong>\u00dclesannete maksumuse lisamine:<\/strong><\/h3>\n\n\n\n<ul class=\"wp-block-list\">\n<li><strong>Lisa ressursid maksumuse jaoks:<\/strong>\n<ul class=\"wp-block-list\">\n<li>Mine <strong>Ressursside leht<\/strong> (Resource Sheet).<\/li>\n\n\n\n<li>Lisa uus ressurss, m\u00e4\u00e4rates selle t\u00fc\u00fcbi <strong>Cost<\/strong> (Kulu).<\/li>\n\n\n\n<li>Sisesta ressursi nimi, n\u00e4iteks &#8220;Transport&#8221; v\u00f5i &#8220;Seadmete rent&#8221;, ja vali t\u00fc\u00fcbi &#8220;Kulu&#8221; (Cost).<\/li>\n<\/ul>\n<\/li>\n\n\n\n<li><strong>M\u00e4\u00e4ra ressursid \u00fclesannetele:<\/strong>\n<ul class=\"wp-block-list\">\n<li>Mine tagasi <strong>Gantti diagrammi<\/strong> vaatesse.<\/li>\n\n\n\n<li>Vali \u00fclesanne, millele soovid maksumuse lisada.<\/li>\n\n\n\n<li>Kl\u00f5psa veerus <strong>Ressursside nimed<\/strong> (Resource Names) ja vali maksumuse ressurss, mille oled lisanud (nt &#8220;Transport&#8221;).<\/li>\n\n\n\n<li>Seej\u00e4rel m\u00e4\u00e4ra kulutuste summa (tehes topeltkl\u00f5psu ressursil v\u00f5i kasutades veergu <strong>Kulu<\/strong>).<\/li>\n<\/ul>\n<\/li>\n<\/ul>\n\n\n\n<figure class=\"wp-block-image size-large\"><img decoding=\"async\" src=\"https:\/\/evgeniyvasiliev.wordpress.com\/wp-content\/uploads\/2024\/10\/image-6.png?w=1024\" alt=\"\" class=\"wp-image-161\" \/><\/figure>\n\n\n\n<h3 class=\"wp-block-heading\"><strong>Projekti tehtud tegevuste j\u00e4lgimine (% Complete):<\/strong><\/h3>\n\n\n\n<ul class=\"wp-block-list\">\n<li>Lisa veerg <strong>% T\u00e4idetud<\/strong> (Complete):\n<ul class=\"wp-block-list\">\n<li>Kl\u00f5psa paremkl\u00f5psuga olemasoleval veeru pealkirjal ja vali <strong>Lisa veerg<\/strong> (Insert Column).<\/li>\n\n\n\n<li>Otsi \u00fcles veerg <strong>% T\u00e4idetud<\/strong> ja lisa see tabelisse.<\/li>\n<\/ul>\n<\/li>\n\n\n\n<li><strong>M\u00e4\u00e4ra tegevuste t\u00e4itmise protsent<\/strong>:\n<ul class=\"wp-block-list\">\n<li>N\u00fc\u00fcd, kui veerg on lisatud, sisesta \u00fclesannete ja alam\u00fclesannete jaoks t\u00e4itmise protsent (nt 25%, 50% jne), et j\u00e4lgida, kui palju on \u00fclesandest tehtud.<\/li>\n<\/ul>\n<\/li>\n<\/ul>\n\n\n\n<figure class=\"wp-block-image size-large\"><img decoding=\"async\" src=\"https:\/\/evgeniyvasiliev.wordpress.com\/wp-content\/uploads\/2024\/10\/image-10.png?w=412\" alt=\"\" class=\"wp-image-177\" \/><\/figure>\n","protected":false},"excerpt":{"rendered":"<p>1. Gantt&#8217;i diagramm &#8211; m\u00f5iste l\u00f5ikepilt MS projektist 2. \u00dclesanded ja alam\u00fclesanded l\u00f5ikepilt MS projektist 3.Kuidas lisada ressurssid (millised ressurssid work, &#8230;, &#8230;) 1. Ava ressursileht: 2. Lisa ressurss: 3. M\u00e4\u00e4ra ressurss \u00fclesandele: Valmis! Seoses selega, et mina t\u00f6\u00f6tasin project libre mitte MS project olli v\u00e4ga raske aru saada. Mina arvan, et MS projekt on lihtsam. 4. Kuidas lisada peojekti \u00fclesanete maksmus ja projekti tehtud tegevused? 1. \u00dclesannete maksumuse lisamine: Projekti tehtud tegevuste j\u00e4lgimine (% Complete):<\/p>\n","protected":false},"author":1,"featured_media":0,"parent":0,"menu_order":0,"comment_status":"closed","ping_status":"closed","template":"","meta":{"footnotes":""},"class_list":["post-145","page","type-page","status-publish","hentry"],"yoast_head":"<!-- This site is optimized with the Yoast SEO plugin v27.5 - https:\/\/yoast.com\/product\/yoast-seo-wordpress\/ -->\n<title>Projekt - Evgeniy Vasiliev\/Portfolio \/ ee<\/title>\n<meta name=\"robots\" content=\"index, follow, max-snippet:-1, max-image-preview:large, max-video-preview:-1\" \/>\n<link rel=\"canonical\" href=\"https:\/\/evgeniyvasiliev24.thkit.ee\/wp\/projekt\/\" \/>\n<meta property=\"og:locale\" content=\"et_EE\" \/>\n<meta property=\"og:type\" content=\"article\" \/>\n<meta property=\"og:title\" content=\"Projekt - Evgeniy Vasiliev\/Portfolio \/ ee\" \/>\n<meta property=\"og:description\" content=\"1. Gantt&#8217;i diagramm &#8211; m\u00f5iste l\u00f5ikepilt MS projektist 2. \u00dclesanded ja alam\u00fclesanded l\u00f5ikepilt MS projektist 3.Kuidas lisada ressurssid (millised ressurssid work, &#8230;, &#8230;) 1. Ava ressursileht: 2. Lisa ressurss: 3. M\u00e4\u00e4ra ressurss \u00fclesandele: Valmis! Seoses selega, et mina t\u00f6\u00f6tasin project libre mitte MS project olli v\u00e4ga raske aru saada. Mina arvan, et MS projekt on lihtsam. 4. Kuidas lisada peojekti \u00fclesanete maksmus ja projekti tehtud tegevused? 1. \u00dclesannete maksumuse lisamine: Projekti tehtud tegevuste j\u00e4lgimine (% Complete):\" \/>\n<meta property=\"og:url\" content=\"https:\/\/evgeniyvasiliev24.thkit.ee\/wp\/projekt\/\" \/>\n<meta property=\"og:site_name\" content=\"Evgeniy Vasiliev\/Portfolio \/ ee\" \/>\n<meta name=\"twitter:card\" content=\"summary_large_image\" \/>\n<meta name=\"twitter:label1\" content=\"Est. reading time\" \/>\n\t<meta name=\"twitter:data1\" content=\"1 minut\" \/>\n<script type=\"application\/ld+json\" class=\"yoast-schema-graph\">{\"@context\":\"https:\\\/\\\/schema.org\",\"@graph\":[{\"@type\":\"WebPage\",\"@id\":\"https:\\\/\\\/evgeniyvasiliev24.thkit.ee\\\/wp\\\/projekt\\\/\",\"url\":\"https:\\\/\\\/evgeniyvasiliev24.thkit.ee\\\/wp\\\/projekt\\\/\",\"name\":\"Projekt - Evgeniy Vasiliev\\\/Portfolio \\\/ ee\",\"isPartOf\":{\"@id\":\"https:\\\/\\\/evgeniyvasiliev24.thkit.ee\\\/wp\\\/#website\"},\"primaryImageOfPage\":{\"@id\":\"https:\\\/\\\/evgeniyvasiliev24.thkit.ee\\\/wp\\\/projekt\\\/#primaryimage\"},\"image\":{\"@id\":\"https:\\\/\\\/evgeniyvasiliev24.thkit.ee\\\/wp\\\/projekt\\\/#primaryimage\"},\"thumbnailUrl\":\"https:\\\/\\\/evgeniyvasiliev.wordpress.com\\\/wp-content\\\/uploads\\\/2024\\\/10\\\/image-1.png?w=406\",\"datePublished\":\"2024-10-09T11:05:10+00:00\",\"breadcrumb\":{\"@id\":\"https:\\\/\\\/evgeniyvasiliev24.thkit.ee\\\/wp\\\/projekt\\\/#breadcrumb\"},\"inLanguage\":\"et\",\"potentialAction\":[{\"@type\":\"ReadAction\",\"target\":[\"https:\\\/\\\/evgeniyvasiliev24.thkit.ee\\\/wp\\\/projekt\\\/\"]}]},{\"@type\":\"ImageObject\",\"inLanguage\":\"et\",\"@id\":\"https:\\\/\\\/evgeniyvasiliev24.thkit.ee\\\/wp\\\/projekt\\\/#primaryimage\",\"url\":\"https:\\\/\\\/evgeniyvasiliev.wordpress.com\\\/wp-content\\\/uploads\\\/2024\\\/10\\\/image-1.png?w=406\",\"contentUrl\":\"https:\\\/\\\/evgeniyvasiliev.wordpress.com\\\/wp-content\\\/uploads\\\/2024\\\/10\\\/image-1.png?w=406\"},{\"@type\":\"BreadcrumbList\",\"@id\":\"https:\\\/\\\/evgeniyvasiliev24.thkit.ee\\\/wp\\\/projekt\\\/#breadcrumb\",\"itemListElement\":[{\"@type\":\"ListItem\",\"position\":1,\"name\":\"\u0413\u043b\u0430\u0432\u043d\u0430\u044f \u0441\u0442\u0440\u0430\u043d\u0438\u0446\u0430\",\"item\":\"https:\\\/\\\/evgeniyvasiliev24.thkit.ee\\\/wp\\\/\"},{\"@type\":\"ListItem\",\"position\":2,\"name\":\"Projekt\"}]},{\"@type\":\"WebSite\",\"@id\":\"https:\\\/\\\/evgeniyvasiliev24.thkit.ee\\\/wp\\\/#website\",\"url\":\"https:\\\/\\\/evgeniyvasiliev24.thkit.ee\\\/wp\\\/\",\"name\":\"Evgeniy Vasiliev\\\/Portfolio \\\/ ee\",\"description\":\"\",\"potentialAction\":[{\"@type\":\"SearchAction\",\"target\":{\"@type\":\"EntryPoint\",\"urlTemplate\":\"https:\\\/\\\/evgeniyvasiliev24.thkit.ee\\\/wp\\\/?s={search_term_string}\"},\"query-input\":{\"@type\":\"PropertyValueSpecification\",\"valueRequired\":true,\"valueName\":\"search_term_string\"}}],\"inLanguage\":\"et\"}]}<\/script>\n<!-- \/ Yoast SEO plugin. -->","yoast_head_json":{"title":"Projekt - Evgeniy Vasiliev\/Portfolio \/ ee","robots":{"index":"index","follow":"follow","max-snippet":"max-snippet:-1","max-image-preview":"max-image-preview:large","max-video-preview":"max-video-preview:-1"},"canonical":"https:\/\/evgeniyvasiliev24.thkit.ee\/wp\/projekt\/","og_locale":"et_EE","og_type":"article","og_title":"Projekt - Evgeniy Vasiliev\/Portfolio \/ ee","og_description":"1. Gantt&#8217;i diagramm &#8211; m\u00f5iste l\u00f5ikepilt MS projektist 2. \u00dclesanded ja alam\u00fclesanded l\u00f5ikepilt MS projektist 3.Kuidas lisada ressurssid (millised ressurssid work, &#8230;, &#8230;) 1. Ava ressursileht: 2. Lisa ressurss: 3. M\u00e4\u00e4ra ressurss \u00fclesandele: Valmis! Seoses selega, et mina t\u00f6\u00f6tasin project libre mitte MS project olli v\u00e4ga raske aru saada. Mina arvan, et MS projekt on lihtsam. 4. Kuidas lisada peojekti \u00fclesanete maksmus ja projekti tehtud tegevused? 1. \u00dclesannete maksumuse lisamine: Projekti tehtud tegevuste j\u00e4lgimine (% Complete):","og_url":"https:\/\/evgeniyvasiliev24.thkit.ee\/wp\/projekt\/","og_site_name":"Evgeniy Vasiliev\/Portfolio \/ ee","twitter_card":"summary_large_image","twitter_misc":{"Est. reading time":"1 minut"},"schema":{"@context":"https:\/\/schema.org","@graph":[{"@type":"WebPage","@id":"https:\/\/evgeniyvasiliev24.thkit.ee\/wp\/projekt\/","url":"https:\/\/evgeniyvasiliev24.thkit.ee\/wp\/projekt\/","name":"Projekt - Evgeniy Vasiliev\/Portfolio \/ ee","isPartOf":{"@id":"https:\/\/evgeniyvasiliev24.thkit.ee\/wp\/#website"},"primaryImageOfPage":{"@id":"https:\/\/evgeniyvasiliev24.thkit.ee\/wp\/projekt\/#primaryimage"},"image":{"@id":"https:\/\/evgeniyvasiliev24.thkit.ee\/wp\/projekt\/#primaryimage"},"thumbnailUrl":"https:\/\/evgeniyvasiliev.wordpress.com\/wp-content\/uploads\/2024\/10\/image-1.png?w=406","datePublished":"2024-10-09T11:05:10+00:00","breadcrumb":{"@id":"https:\/\/evgeniyvasiliev24.thkit.ee\/wp\/projekt\/#breadcrumb"},"inLanguage":"et","potentialAction":[{"@type":"ReadAction","target":["https:\/\/evgeniyvasiliev24.thkit.ee\/wp\/projekt\/"]}]},{"@type":"ImageObject","inLanguage":"et","@id":"https:\/\/evgeniyvasiliev24.thkit.ee\/wp\/projekt\/#primaryimage","url":"https:\/\/evgeniyvasiliev.wordpress.com\/wp-content\/uploads\/2024\/10\/image-1.png?w=406","contentUrl":"https:\/\/evgeniyvasiliev.wordpress.com\/wp-content\/uploads\/2024\/10\/image-1.png?w=406"},{"@type":"BreadcrumbList","@id":"https:\/\/evgeniyvasiliev24.thkit.ee\/wp\/projekt\/#breadcrumb","itemListElement":[{"@type":"ListItem","position":1,"name":"\u0413\u043b\u0430\u0432\u043d\u0430\u044f \u0441\u0442\u0440\u0430\u043d\u0438\u0446\u0430","item":"https:\/\/evgeniyvasiliev24.thkit.ee\/wp\/"},{"@type":"ListItem","position":2,"name":"Projekt"}]},{"@type":"WebSite","@id":"https:\/\/evgeniyvasiliev24.thkit.ee\/wp\/#website","url":"https:\/\/evgeniyvasiliev24.thkit.ee\/wp\/","name":"Evgeniy Vasiliev\/Portfolio \/ ee","description":"","potentialAction":[{"@type":"SearchAction","target":{"@type":"EntryPoint","urlTemplate":"https:\/\/evgeniyvasiliev24.thkit.ee\/wp\/?s={search_term_string}"},"query-input":{"@type":"PropertyValueSpecification","valueRequired":true,"valueName":"search_term_string"}}],"inLanguage":"et"}]}},"_links":{"self":[{"href":"https:\/\/evgeniyvasiliev24.thkit.ee\/wp\/wp-json\/wp\/v2\/pages\/145","targetHints":{"allow":["GET"]}}],"collection":[{"href":"https:\/\/evgeniyvasiliev24.thkit.ee\/wp\/wp-json\/wp\/v2\/pages"}],"about":[{"href":"https:\/\/evgeniyvasiliev24.thkit.ee\/wp\/wp-json\/wp\/v2\/types\/page"}],"author":[{"embeddable":true,"href":"https:\/\/evgeniyvasiliev24.thkit.ee\/wp\/wp-json\/wp\/v2\/users\/1"}],"replies":[{"embeddable":true,"href":"https:\/\/evgeniyvasiliev24.thkit.ee\/wp\/wp-json\/wp\/v2\/comments?post=145"}],"version-history":[{"count":0,"href":"https:\/\/evgeniyvasiliev24.thkit.ee\/wp\/wp-json\/wp\/v2\/pages\/145\/revisions"}],"wp:attachment":[{"href":"https:\/\/evgeniyvasiliev24.thkit.ee\/wp\/wp-json\/wp\/v2\/media?parent=145"}],"curies":[{"name":"wp","href":"https:\/\/api.w.org\/{rel}","templated":true}]}}